{"id":2139,"date":"2025-02-07T20:51:49","date_gmt":"2025-02-07T20:51:49","guid":{"rendered":"https:\/\/www.symmetricview.com\/home\/?page_id=2139"},"modified":"2025-03-27T00:50:24","modified_gmt":"2025-03-27T00:50:24","slug":"elias-perkis","status":"publish","type":"page","link":"https:\/\/www.symmetricview.com\/home\/es\/elias-perkis\/","title":{"rendered":"Elias Perkis"},"content":{"rendered":"<div id=\"pl-2139\"  class=\"panel-layout\" ><div id=\"pg-2139-0\"  class=\"panel-grid panel-no-style\" ><div id=\"pgc-2139-0-0\"  class=\"panel-grid-cell\" ><div id=\"panel-2139-0-0-0\" class=\"so-panel widget widget_sow-image panel-first-child panel-last-child\" data-index=\"0\" ><div\n\t\t\t\n\t\t\tclass=\"so-widget-sow-image so-widget-sow-image-default-3a2476c0e107-2139\"\n\t\t\t\n\t\t>\n<div class=\"sow-image-container\">\n\t\t<noscript><img \n\tsrc=\"https:\/\/www.symmetricview.com\/home\/wp-content\/uploads\/2019\/10\/14462732_10210848006295430_8975955104987385907_n.jpg\" width=\"956\" height=\"960\" srcset=\"https:\/\/www.symmetricview.com\/home\/wp-content\/uploads\/2019\/10\/14462732_10210848006295430_8975955104987385907_n.jpg 956w, https:\/\/www.symmetricview.com\/home\/wp-content\/uploads\/2019\/10\/14462732_10210848006295430_8975955104987385907_n-150x150.jpg 150w, https:\/\/www.symmetricview.com\/home\/wp-content\/uploads\/2019\/10\/14462732_10210848006295430_8975955104987385907_n-300x300.jpg 300w, https:\/\/www.symmetricview.com\/home\/wp-content\/uploads\/2019\/10\/14462732_10210848006295430_8975955104987385907_n-768x771.jpg 768w, https:\/\/www.symmetricview.com\/home\/wp-content\/uploads\/2019\/10\/14462732_10210848006295430_8975955104987385907_n-100x100.jpg 100w\" sizes=\"(max-width: 956px) 100vw, 956px\" title=\"Elias Perkis - Dise\u00f1ador Gr\u00e1fico &amp; Director Creativo\" alt=\"Elias Perkis - Dise\u00f1ador Gr\u00e1fico &amp; Director Creativo\" \t\tclass=\"so-widget-image\"\/><\/noscript><img src=\"https:\/\/www.symmetricview.com\/home\/wp-content\/uploads\/2019\/10\/14462732_10210848006295430_8975955104987385907_n.jpg\" width=\"956\" height=\"960\" srcset=\"data:image\/svg+xml;base64,PHN2ZyB3aWR0aD0iOTU2IiBoZWlnaHQ9Ijk2MCIgdmlld0JveD0iMCAwIDk1NiA5NjAiIGZpbGw9Im5vbmUiIHhtbG5zPSJodHRwOi8vd3d3LnczLm9yZy8yMDAwL3N2ZyI+PC9zdmc+\" title=\"Elias Perkis - Dise\u00f1ador Gr\u00e1fico &amp; Director Creativo\" alt=\"Elias Perkis - Dise\u00f1ador Gr\u00e1fico &amp; Director Creativo\" class=\"so-widget-image vp-lazyload\" data-src=\"https:\/\/www.symmetricview.com\/home\/wp-content\/uploads\/2019\/10\/14462732_10210848006295430_8975955104987385907_n.jpg\" data-srcset=\"https:\/\/www.symmetricview.com\/home\/wp-content\/uploads\/2019\/10\/14462732_10210848006295430_8975955104987385907_n.jpg 956w, https:\/\/www.symmetricview.com\/home\/wp-content\/uploads\/2019\/10\/14462732_10210848006295430_8975955104987385907_n-150x150.jpg 150w, https:\/\/www.symmetricview.com\/home\/wp-content\/uploads\/2019\/10\/14462732_10210848006295430_8975955104987385907_n-300x300.jpg 300w, https:\/\/www.symmetricview.com\/home\/wp-content\/uploads\/2019\/10\/14462732_10210848006295430_8975955104987385907_n-768x771.jpg 768w, https:\/\/www.symmetricview.com\/home\/wp-content\/uploads\/2019\/10\/14462732_10210848006295430_8975955104987385907_n-100x100.jpg 100w\" data-sizes=\"auto\" loading=\"eager\">\n\t<\/div>\n\n<\/div><\/div><\/div><div id=\"pgc-2139-0-1\"  class=\"panel-grid-cell\" ><div id=\"panel-2139-0-1-0\" class=\"so-panel widget widget_sow-editor panel-first-child panel-last-child\" data-index=\"1\" ><div\n\t\t\t\n\t\t\tclass=\"so-widget-sow-editor so-widget-sow-editor-base\"\n\t\t\t\n\t\t>\n<div class=\"siteorigin-widget-tinymce textwidget\">\n\t<h3><strong>CREAMOS LAS TENDENCIAS DEL FUTURO<\/strong><\/h3>\n<p><strong>SymmetricView<\/strong> es un Estudio de Dise\u00f1o Creativo de servicio completo, fundado en 2007 en La Serena, Chile, como una plataforma para unir mi pasi\u00f3n por el dise\u00f1o con una narrativa innovadora. Con m\u00e1s de 20 a\u00f1os de experiencia global como Dise\u00f1ador Gr\u00e1fico y Director Creativo, me especializo en la creaci\u00f3n de identidades de marca aut\u00e9nticas que generan conexiones genuinas con su p\u00fablico.<\/p>\n<p>Mi enfoque interdisciplinario garantiza que cada proyecto no solo sea visualmente impactante, sino tambi\u00e9n altamente funcional. A lo largo de los a\u00f1os, he tenido el privilegio de colaborar con agencias de publicidad, empresas de producci\u00f3n de eventos, grandes corporaciones, startups, creadores independientes y particulares en Chile, Brasil y Portugal.<\/p>\n<p>Desde Am\u00e9rica hasta Europa, trabajo con clientes excepcionales de diversas industrias, aportando una perspectiva cultural rica para crear dise\u00f1os que resuenan a escala global.<\/p>\n<p>Ya sea para crear una nueva marca, revitalizar una identidad existente o crear campa\u00f1as que dejen una impresi\u00f3n duradera, SymmetricView siempre est\u00e1 un paso adelante, marcando las tendencias para el futuro del dise\u00f1o.<\/p>\n<p style=\"text-align: right;\"><strong>ELIAS PERKIS<\/strong><br \/>\n<em>Dise\u00f1ador Gr\u00e1fico &amp; Director Creativo<\/em><\/p>\n<\/div>\n<\/div><\/div><\/div><\/div><div id=\"pg-2139-1\"  class=\"panel-grid panel-no-style\" ><div id=\"pgc-2139-1-0\"  class=\"panel-grid-cell\" ><div id=\"panel-2139-1-0-0\" class=\"so-panel widget widget_sow-image panel-first-child panel-last-child\" data-index=\"2\" ><div\n\t\t\t\n\t\t\tclass=\"so-widget-sow-image so-widget-sow-image-default-3a2476c0e107-2139\"\n\t\t\t\n\t\t>\n<div class=\"sow-image-container\">\n\t\t<noscript><img \n\tsrc=\"https:\/\/www.symmetricview.com\/home\/wp-content\/uploads\/2025\/03\/Recurso-4@4x-1-e1743035172380.png\" width=\"494\" height=\"652\" srcset=\"https:\/\/www.symmetricview.com\/home\/wp-content\/uploads\/2025\/03\/Recurso-4@4x-1-e1743035172380.png 494w, https:\/\/www.symmetricview.com\/home\/wp-content\/uploads\/2025\/03\/Recurso-4@4x-1-e1743035172380-227x300.png 227w\" sizes=\"(max-width: 494px) 100vw, 494px\" title=\"Elias Perkis - Dise\u00f1ador Gr\u00e1fico &amp; Director Creativo\" alt=\"Elias Perkis - Dise\u00f1ador Gr\u00e1fico &amp; Director Creativo\" \t\tclass=\"so-widget-image\"\/><\/noscript><img src=\"https:\/\/www.symmetricview.com\/home\/wp-content\/uploads\/2025\/03\/Recurso-4@4x-1-e1743035172380.png\" width=\"494\" height=\"652\" srcset=\"data:image\/svg+xml;base64,PHN2ZyB3aWR0aD0iNDk0IiBoZWlnaHQ9IjY1MiIgdmlld0JveD0iMCAwIDQ5NCA2NTIiIGZpbGw9Im5vbmUiIHhtbG5zPSJodHRwOi8vd3d3LnczLm9yZy8yMDAwL3N2ZyI+PC9zdmc+\" title=\"Elias Perkis - Dise\u00f1ador Gr\u00e1fico &amp; Director Creativo\" alt=\"Elias Perkis - Dise\u00f1ador Gr\u00e1fico &amp; Director Creativo\" class=\"so-widget-image vp-lazyload\" data-src=\"https:\/\/www.symmetricview.com\/home\/wp-content\/uploads\/2025\/03\/Recurso-4@4x-1-e1743035172380.png\" data-srcset=\"https:\/\/www.symmetricview.com\/home\/wp-content\/uploads\/2025\/03\/Recurso-4@4x-1-e1743035172380.png 494w, https:\/\/www.symmetricview.com\/home\/wp-content\/uploads\/2025\/03\/Recurso-4@4x-1-e1743035172380-227x300.png 227w\" data-sizes=\"auto\" loading=\"eager\">\n\t<\/div>\n\n<\/div><\/div><\/div><div id=\"pgc-2139-1-1\"  class=\"panel-grid-cell\" ><div id=\"panel-2139-1-1-0\" class=\"so-panel widget widget_sow-editor panel-first-child panel-last-child\" data-index=\"3\" ><div\n\t\t\t\n\t\t\tclass=\"so-widget-sow-editor so-widget-sow-editor-base\"\n\t\t\t\n\t\t>\n<div class=\"siteorigin-widget-tinymce textwidget\">\n\t<h3 data-start=\"29\" data-end=\"68\"><strong data-start=\"29\" data-end=\"66\">Visi\u00f3n y Esencia de SymmetricView<\/strong><\/h3>\n<p class=\"\" data-start=\"70\" data-end=\"602\">En SymmetricView, creemos que el dise\u00f1o es la fusi\u00f3n entre la creaci\u00f3n org\u00e1nica y la estructura matem\u00e1tica que da forma al mundo. As\u00ed como la <strong data-start=\"212\" data-end=\"234\">Semilla de la Vida<\/strong> representa el principio creador y la interconexi\u00f3n de todo, integramos la esencia de las ideas con el rigor de la est\u00e9tica y la funcionalidad. El <strong data-start=\"381\" data-end=\"397\">N\u00famero \u00c1ureo<\/strong>, presente en la naturaleza y el arte, nos gu\u00eda en la b\u00fasqueda del equilibrio y el impacto visual, mientras que la <strong data-start=\"512\" data-end=\"541\">Cuadr\u00edcula de Perspectiva<\/strong> nos permite estructurar y dar profundidad a cada proyecto.<\/p>\n<p class=\"\" data-start=\"604\" data-end=\"918\">Creamos marcas y experiencias visuales que no solo son bellas, sino que tambi\u00e9n poseen un significado profundo, conect\u00e1ndose de manera aut\u00e9ntica con las personas. Nuestra misi\u00f3n es transformar ideas en identidades que trascienden el tiempo, uniendo lo intuitivo con lo calculado, lo art\u00edstico con lo estrat\u00e9gico.<\/p>\n<blockquote>\n<p class=\"\" data-start=\"920\" data-end=\"1038\"><em><strong data-start=\"920\" data-end=\"1036\">SymmetricView, equilibrio entre lo org\u00e1nico y lo geom\u00e9trico, lo espiritual y lo racional, la esencia y la forma.<\/strong><\/em><\/p>\n<\/blockquote>\n<\/div>\n<\/div><\/div><\/div><\/div><\/div>","protected":false},"excerpt":{"rendered":"<p>20 a\u00f1os de experiencia en una amplia gama de proyectos a nivel mundial, con foco principal en Dise\u00f1o Gr\u00e1fico y Publicidad.<\/p>\n","protected":false},"author":1,"featured_media":1620,"parent":0,"menu_order":1,"comment_status":"closed","ping_status":"closed","template":"template-fullwidth.php","meta":{"_vp_format_video_url":"","_vp_image_focal_point":[],"footnotes":""},"class_list":["post-2139","page","type-page","status-publish","has-post-thumbnail","hentry"],"aioseo_notices":[],"_links":{"self":[{"href":"https:\/\/www.symmetricview.com\/home\/wp-json\/wp\/v2\/pages\/2139","targetHints":{"allow":["GET"]}}],"collection":[{"href":"https:\/\/www.symmetricview.com\/home\/wp-json\/wp\/v2\/pages"}],"about":[{"href":"https:\/\/www.symmetricview.com\/home\/wp-json\/wp\/v2\/types\/page"}],"author":[{"embeddable":true,"href":"https:\/\/www.symmetricview.com\/home\/wp-json\/wp\/v2\/users\/1"}],"replies":[{"embeddable":true,"href":"https:\/\/www.symmetricview.com\/home\/wp-json\/wp\/v2\/comments?post=2139"}],"version-history":[{"count":11,"href":"https:\/\/www.symmetricview.com\/home\/wp-json\/wp\/v2\/pages\/2139\/revisions"}],"predecessor-version":[{"id":2385,"href":"https:\/\/www.symmetricview.com\/home\/wp-json\/wp\/v2\/pages\/2139\/revisions\/2385"}],"wp:featuredmedia":[{"embeddable":true,"href":"https:\/\/www.symmetricview.com\/home\/wp-json\/wp\/v2\/media\/1620"}],"wp:attachment":[{"href":"https:\/\/www.symmetricview.com\/home\/wp-json\/wp\/v2\/media?parent=2139"}],"curies":[{"name":"wp","href":"https:\/\/api.w.org\/{rel}","templated":true}]}}