{"id":2106,"date":"2025-02-07T20:19:32","date_gmt":"2025-02-07T20:19:32","guid":{"rendered":"https:\/\/www.symmetricview.com\/home\/?page_id=2106"},"modified":"2025-03-27T00:33:20","modified_gmt":"2025-03-27T00:33:20","slug":"contacto-2","status":"publish","type":"page","link":"https:\/\/www.symmetricview.com\/home\/es\/contacto-2\/","title":{"rendered":"Contacto"},"content":{"rendered":"<div id=\"pl-2106\"  class=\"panel-layout\" ><div id=\"pg-2106-0\"  class=\"panel-grid panel-no-style\" ><div id=\"pgc-2106-0-0\"  class=\"panel-grid-cell\" ><div id=\"panel-2106-0-0-0\" class=\"so-panel widget widget_sow-editor panel-first-child panel-last-child\" data-index=\"0\" ><div\n\t\t\t\n\t\t\tclass=\"so-widget-sow-editor so-widget-sow-editor-base\"\n\t\t\t\n\t\t><h3 class=\"widget-title\">\u00a1S\u00f3lo coge tu tel\u00e9fono!<\/h3>\n<div class=\"siteorigin-widget-tinymce textwidget\">\n\t<div class=\"page\" title=\"Page 14\">\n<div class=\"layoutArea\">\n<div class=\"column\">\n<h3 style=\"text-align: center;\"><strong><a href=\"https:\/\/www.eliasperkis.com\/design\/wp-content\/uploads\/2019\/10\/14462732_10210848006295430_8975955104987385907_n.jpg\" rel=\"shadowbox[sbpost-2106];player=img;\"><noscript><img loading=\"lazy\" decoding=\"async\" data-skip-lazy src=\"https:\/\/www.eliasperkis.com\/design\/wp-content\/uploads\/2019\/10\/14462732_10210848006295430_8975955104987385907_n-150x150.jpg\" alt=\"\" width=\"150\" height=\"150\" class=\"alignnone size-thumbnail wp-image-1620\" srcset=\"https:\/\/www.symmetricview.com\/home\/wp-content\/uploads\/2019\/10\/14462732_10210848006295430_8975955104987385907_n-150x150.jpg 150w, https:\/\/www.symmetricview.com\/home\/wp-content\/uploads\/2019\/10\/14462732_10210848006295430_8975955104987385907_n-300x300.jpg 300w, https:\/\/www.symmetricview.com\/home\/wp-content\/uploads\/2019\/10\/14462732_10210848006295430_8975955104987385907_n-768x771.jpg 768w, https:\/\/www.symmetricview.com\/home\/wp-content\/uploads\/2019\/10\/14462732_10210848006295430_8975955104987385907_n-100x100.jpg 100w, https:\/\/www.symmetricview.com\/home\/wp-content\/uploads\/2019\/10\/14462732_10210848006295430_8975955104987385907_n.jpg 956w\" sizes=\"auto, (max-width: 150px) 100vw, 150px\" \/><\/noscript><\/a><\/strong><strong>Portugal:<\/strong> +351 910 453 109<\/p>\n<p><a href=\"mailto:hello@symmetricview.com\">hello@symmetricview.com<\/a><\/p>\n<\/h3>\n<p style=\"text-align: center;\">El dise\u00f1o es una aventura constante de descubrimiento y creaci\u00f3n. Cada proyecto es una oportunidad para colaborar, so\u00f1ar juntos y dar forma a ideas \u00fanicas. Si tienes una idea en mente o simplemente quieres charlar sobre posibilidades, \u00a1estoy aqu\u00ed para ayudarte!<\/p>\n<p style=\"text-align: center;\">Ponte en contacto, compartamos visiones y creemos algo incre\u00edble juntos. Estoy ansioso por escuchar lo que quieres hacer realidad.<\/p>\n<p style=\"text-align: center;\"><em><strong>\u2014 Elias Perkis<\/strong><\/em><\/p>\n<\/div>\n<\/div>\n<\/div>\n<\/div>\n<\/div><\/div><\/div><\/div><div id=\"pg-2106-1\"  class=\"panel-grid panel-no-style\" ><div id=\"pgc-2106-1-0\"  class=\"panel-grid-cell\" ><div id=\"panel-2106-1-0-0\" class=\"so-panel widget widget_sow-image panel-first-child panel-last-child\" data-index=\"1\" ><div\n\t\t\t\n\t\t\tclass=\"so-widget-sow-image so-widget-sow-image-default-8b5b6f678277-2106\"\n\t\t\t\n\t\t>\n<div class=\"sow-image-container\">\n\t\t<noscript><img \n\tsrc=\"https:\/\/www.symmetricview.com\/home\/wp-content\/uploads\/2025\/01\/Recurso-4@4x.png\" width=\"615\" height=\"1069\" srcset=\"https:\/\/www.symmetricview.com\/home\/wp-content\/uploads\/2025\/01\/Recurso-4@4x.png 615w, https:\/\/www.symmetricview.com\/home\/wp-content\/uploads\/2025\/01\/Recurso-4@4x-173x300.png 173w, https:\/\/www.symmetricview.com\/home\/wp-content\/uploads\/2025\/01\/Recurso-4@4x-589x1024.png 589w, https:\/\/www.symmetricview.com\/home\/wp-content\/uploads\/2025\/01\/Recurso-4@4x-500x869.png 500w\" sizes=\"(max-width: 615px) 100vw, 615px\" title=\"ep_bc_2025_4x\" alt=\"\" \t\tclass=\"so-widget-image\"\/><\/noscript><img src=\"https:\/\/www.symmetricview.com\/home\/wp-content\/uploads\/2025\/01\/Recurso-4@4x.png\" width=\"615\" height=\"1069\" srcset=\"data:image\/svg+xml;base64,PHN2ZyB3aWR0aD0iNjE1IiBoZWlnaHQ9IjEwNjkiIHZpZXdCb3g9IjAgMCA2MTUgMTA2OSIgZmlsbD0ibm9uZSIgeG1sbnM9Imh0dHA6Ly93d3cudzMub3JnLzIwMDAvc3ZnIj48L3N2Zz4=\" title=\"ep_bc_2025_4x\" alt class=\"so-widget-image vp-lazyload\" data-src=\"https:\/\/www.symmetricview.com\/home\/wp-content\/uploads\/2025\/01\/Recurso-4@4x.png\" data-srcset=\"https:\/\/www.symmetricview.com\/home\/wp-content\/uploads\/2025\/01\/Recurso-4@4x.png 615w, https:\/\/www.symmetricview.com\/home\/wp-content\/uploads\/2025\/01\/Recurso-4@4x-173x300.png 173w, https:\/\/www.symmetricview.com\/home\/wp-content\/uploads\/2025\/01\/Recurso-4@4x-589x1024.png 589w, https:\/\/www.symmetricview.com\/home\/wp-content\/uploads\/2025\/01\/Recurso-4@4x-500x869.png 500w\" data-sizes=\"auto\" loading=\"eager\">\n\t<\/div>\n\n<\/div><\/div><\/div><div id=\"pgc-2106-1-1\"  class=\"panel-grid-cell\" ><div id=\"panel-2106-1-1-0\" class=\"so-panel widget widget_sow-contact-form panel-first-child panel-last-child\" data-index=\"2\" ><div\n\t\t\t\n\t\t\tclass=\"so-widget-sow-contact-form so-widget-sow-contact-form-default-f84898605299-2106\"\n\t\t\t\n\t\t>\t<form\n\t\taction=\"\/home\/wp-json\/wp\/v2\/pages\/2106\"\n\t\tmethod=\"POST\"\n\t\tclass=\"sow-contact-form\"\n\t\tid=\"contact-form-91e1\"\n\t>\n\n\t\t\n\t\t            <p><em>Los campos marcados con * son obligatorios<\/em><\/p>\n\t\t\t\t\t\t<div class=\"sow-form-field sow-form-field-name\">\n\t\t\t\t<label class=\"sow-form-field-label-above\" for=\"sow-contact-form-field-su-nombre-1\">\n\t\t\t\t<strong>\n\t\t\t\t\tSu Nombre\t\t\t\t\t\t\t\t\t\t\t<span class=\"sow-form-field-required\">*<\/span>\n\t\t\t\t\t\t\t\t\t<\/strong>\n\t\t\t<\/label>\n\t\t\t\t\t\t\t<div class=\"sow-field-container\">\n\t\t\t\t\t\t\t<input\n\t\t\ttype=\"text\"\n\t\t\tname=\"su-nombre-1\"\n\t\t\tid=\"sow-contact-form-field-su-nombre-1\"\n\t\t\tvalue=\"\"\n\t\t\tclass=\"sow-text-field\"\n\t\t\t\t\t\t\t\t\/>\n\t\t\t\t\t\t<\/div>\n\t\t\t\t\t\t\t<\/div>\n\t\t\t\t\t\t<div class=\"sow-form-field sow-form-field-email\">\n\t\t\t\t<label class=\"sow-form-field-label-above\" for=\"sow-contact-form-field-su-e-mail-1\">\n\t\t\t\t<strong>\n\t\t\t\t\tSu E-mail\t\t\t\t\t\t\t\t\t\t\t<span class=\"sow-form-field-required\">*<\/span>\n\t\t\t\t\t\t\t\t\t<\/strong>\n\t\t\t<\/label>\n\t\t\t\t\t\t\t<div class=\"sow-field-container\">\n\t\t\t\t\t\t\t<input\n\t\t\ttype=\"email\"\n\t\t\tname=\"su-e-mail-1\"\n\t\t\tid=\"sow-contact-form-field-su-e-mail-1\"\n\t\t\tvalue=\"\"\n\t\t\tclass=\"sow-text-field\"\t\t\t\t\t\t\t\t\/>\n\t\t\t\t\t\t<\/div>\n\t\t\t\t\t\t\t<\/div>\n\t\t\t\t\t\t<div class=\"sow-form-field sow-form-field-subject\">\n\t\t\t\t<label class=\"sow-form-field-label-above\" for=\"sow-contact-form-field-asunto-1\">\n\t\t\t\t<strong>\n\t\t\t\t\tAsunto\t\t\t\t\t\t\t\t\t\t\t<span class=\"sow-form-field-required\">*<\/span>\n\t\t\t\t\t\t\t\t\t<\/strong>\n\t\t\t<\/label>\n\t\t\t\t\t\t\t<div class=\"sow-field-container\">\n\t\t\t\t\t\t\t<input\n\t\t\ttype=\"text\"\n\t\t\tname=\"asunto-1\"\n\t\t\tid=\"sow-contact-form-field-asunto-1\"\n\t\t\tvalue=\"\"\n\t\t\tclass=\"sow-text-field\"\n\t\t\t\t\t\t\t\t\/>\n\t\t\t\t\t\t<\/div>\n\t\t\t\t\t\t\t<\/div>\n\t\t\t\t\t\t<div class=\"sow-form-field sow-form-field-textarea\">\n\t\t\t\t<label class=\"sow-form-field-label-above\" for=\"sow-contact-form-field-message-1\">\n\t\t\t\t<strong>\n\t\t\t\t\tMessage\t\t\t\t\t\t\t\t\t\t\t<span class=\"sow-form-field-required\">*<\/span>\n\t\t\t\t\t\t\t\t\t<\/strong>\n\t\t\t<\/label>\n\t\t\t\t\t\t\t<div class=\"sow-field-container\">\n\t\t\t\t\t\t\t<textarea\n\t\t\tname=\"message-1\"\n\t\t\tid=\"sow-contact-form-field-message-1\"\n\t\t\trows=\"10\"\n\t\t\t\t\t\t\t\t><\/textarea>\n\t\t\t\t\t\t<\/div>\n\t\t\t\t\t\t\t<\/div>\n\t\t\t\n\t\t\t\t\t<div class=\"sow-recaptcha\"\n\t\t\t\t\t\t\t\t\tdata-config=\"{&quot;sitekey&quot;:&quot;6LfQjE0bAAAAAATYDP9KU_PSWceTvSKFLZbRSbUX&quot;,&quot;theme&quot;:&quot;light&quot;,&quot;type&quot;:&quot;image&quot;,&quot;size&quot;:&quot;normal&quot;}\"\n\t\t\t\t\t\t\t><\/div>\n\t\t\t\n\t\t<div class=\"sow-submit-wrapper \n\t\tsow-submit-styled\t\t\">\n\n\t\t\t<button\n\t\t\t\ttype=\"submit\"\n\t\t\t\tclass=\"sow-submit\n\t\t\t\t\t\t\t\t\"\n\t\t\t\t\t\t\t>\n\t\t\t\tEnviar mensaje\t\t\t<\/button>\n\t\t<\/div>\n\t\t\t\t<input\n\t\t\ttype=\"hidden\"\n\t\t\tname=\"instance_hash-1\"\n\t\t\tvalue=\"91e14681\"\n\t\t\/>\n\n\t\t<input type=\"hidden\" id=\"_wpnonce\" name=\"_wpnonce\" value=\"e62310235d\" \/><input type=\"hidden\" name=\"_wp_http_referer\" value=\"\/home\/wp-json\/wp\/v2\/pages\/2106\" \/>\t<\/form>\n\t<\/div><\/div><\/div><\/div><\/div>","protected":false},"excerpt":{"rendered":"<p>Cont\u00e1ctame para que podamos compartir visiones y crear algo incre\u00edble juntos.<\/p>\n","protected":false},"author":1,"featured_media":1407,"parent":0,"menu_order":4,"comment_status":"open","ping_status":"closed","template":"template-contact.php","meta":{"_vp_format_video_url":"","_vp_image_focal_point":[],"footnotes":""},"class_list":["post-2106","page","type-page","status-publish","has-post-thumbnail","hentry"],"aioseo_notices":[],"_links":{"self":[{"href":"https:\/\/www.symmetricview.com\/home\/wp-json\/wp\/v2\/pages\/2106","targetHints":{"allow":["GET"]}}],"collection":[{"href":"https:\/\/www.symmetricview.com\/home\/wp-json\/wp\/v2\/pages"}],"about":[{"href":"https:\/\/www.symmetricview.com\/home\/wp-json\/wp\/v2\/types\/page"}],"author":[{"embeddable":true,"href":"https:\/\/www.symmetricview.com\/home\/wp-json\/wp\/v2\/users\/1"}],"replies":[{"embeddable":true,"href":"https:\/\/www.symmetricview.com\/home\/wp-json\/wp\/v2\/comments?post=2106"}],"version-history":[{"count":2,"href":"https:\/\/www.symmetricview.com\/home\/wp-json\/wp\/v2\/pages\/2106\/revisions"}],"predecessor-version":[{"id":2382,"href":"https:\/\/www.symmetricview.com\/home\/wp-json\/wp\/v2\/pages\/2106\/revisions\/2382"}],"wp:featuredmedia":[{"embeddable":true,"href":"https:\/\/www.symmetricview.com\/home\/wp-json\/wp\/v2\/media\/1407"}],"wp:attachment":[{"href":"https:\/\/www.symmetricview.com\/home\/wp-json\/wp\/v2\/media?parent=2106"}],"curies":[{"name":"wp","href":"https:\/\/api.w.org\/{rel}","templated":true}]}}