{"id":210,"date":"2014-07-15T14:43:12","date_gmt":"2014-07-15T14:43:12","guid":{"rendered":"http:\/\/localhost:8888\/?page_id=210"},"modified":"2025-04-02T15:38:28","modified_gmt":"2025-04-02T15:38:28","slug":"elias-perkis-pt","status":"publish","type":"page","link":"https:\/\/www.symmetricview.com\/home\/elias-perkis-pt\/","title":{"rendered":"Elias Perkis"},"content":{"rendered":"<div id=\"pl-210\"  class=\"panel-layout\" ><div id=\"pg-210-0\"  class=\"panel-grid panel-no-style\" ><div id=\"pgc-210-0-0\"  class=\"panel-grid-cell\" ><div id=\"panel-210-0-0-0\" class=\"so-panel widget widget_sow-image panel-first-child panel-last-child\" data-index=\"0\" ><div\n\t\t\t\n\t\t\tclass=\"so-widget-sow-image so-widget-sow-image-default-3a2476c0e107-210\"\n\t\t\t\n\t\t>\n<div class=\"sow-image-container\">\n\t\t<noscript><img \n\tsrc=\"https:\/\/www.symmetricview.com\/home\/wp-content\/uploads\/2019\/10\/14462732_10210848006295430_8975955104987385907_n.jpg\" width=\"956\" height=\"960\" srcset=\"https:\/\/www.symmetricview.com\/home\/wp-content\/uploads\/2019\/10\/14462732_10210848006295430_8975955104987385907_n.jpg 956w, https:\/\/www.symmetricview.com\/home\/wp-content\/uploads\/2019\/10\/14462732_10210848006295430_8975955104987385907_n-150x150.jpg 150w, https:\/\/www.symmetricview.com\/home\/wp-content\/uploads\/2019\/10\/14462732_10210848006295430_8975955104987385907_n-300x300.jpg 300w, https:\/\/www.symmetricview.com\/home\/wp-content\/uploads\/2019\/10\/14462732_10210848006295430_8975955104987385907_n-768x771.jpg 768w, https:\/\/www.symmetricview.com\/home\/wp-content\/uploads\/2019\/10\/14462732_10210848006295430_8975955104987385907_n-100x100.jpg 100w\" sizes=\"(max-width: 956px) 100vw, 956px\" title=\"Elias Perkis - Designer Gr\u00e1fico e Diretor Criativo\" alt=\"Elias Perkis - Designer Gr\u00e1fico e Diretor Criativo\" \t\tclass=\"so-widget-image\"\/><\/noscript><img src=\"https:\/\/www.symmetricview.com\/home\/wp-content\/uploads\/2019\/10\/14462732_10210848006295430_8975955104987385907_n.jpg\" width=\"956\" height=\"960\" srcset=\"data:image\/svg+xml;base64,PHN2ZyB3aWR0aD0iOTU2IiBoZWlnaHQ9Ijk2MCIgdmlld0JveD0iMCAwIDk1NiA5NjAiIGZpbGw9Im5vbmUiIHhtbG5zPSJodHRwOi8vd3d3LnczLm9yZy8yMDAwL3N2ZyI+PC9zdmc+\" title=\"Elias Perkis - Designer Gr\u00e1fico e Diretor Criativo\" alt=\"Elias Perkis - Designer Gr\u00e1fico e Diretor Criativo\" class=\"so-widget-image vp-lazyload\" data-src=\"https:\/\/www.symmetricview.com\/home\/wp-content\/uploads\/2019\/10\/14462732_10210848006295430_8975955104987385907_n.jpg\" data-srcset=\"https:\/\/www.symmetricview.com\/home\/wp-content\/uploads\/2019\/10\/14462732_10210848006295430_8975955104987385907_n.jpg 956w, https:\/\/www.symmetricview.com\/home\/wp-content\/uploads\/2019\/10\/14462732_10210848006295430_8975955104987385907_n-150x150.jpg 150w, https:\/\/www.symmetricview.com\/home\/wp-content\/uploads\/2019\/10\/14462732_10210848006295430_8975955104987385907_n-300x300.jpg 300w, https:\/\/www.symmetricview.com\/home\/wp-content\/uploads\/2019\/10\/14462732_10210848006295430_8975955104987385907_n-768x771.jpg 768w, https:\/\/www.symmetricview.com\/home\/wp-content\/uploads\/2019\/10\/14462732_10210848006295430_8975955104987385907_n-100x100.jpg 100w\" data-sizes=\"auto\" loading=\"eager\">\n\t<\/div>\n\n<\/div><\/div><\/div><div id=\"pgc-210-0-1\"  class=\"panel-grid-cell\" ><div id=\"panel-210-0-1-0\" class=\"so-panel widget widget_sow-editor panel-first-child panel-last-child\" data-index=\"1\" ><div\n\t\t\t\n\t\t\tclass=\"so-widget-sow-editor so-widget-sow-editor-base\"\n\t\t\t\n\t\t>\n<div class=\"siteorigin-widget-tinymce textwidget\">\n\t<h3 class=\"p1\"><strong>O Design Como Express\u00e3o da Sua Ess\u00eancia<\/strong><\/h3>\n<p class=\"\" data-start=\"138\" data-end=\"392\">A <strong data-start=\"140\" data-end=\"157\">SymmetricView<\/strong> \u00e9 um est\u00fadio de design criativo de servi\u00e7o completo, fundado em 2007 em La Serena, Chile, como uma plataforma para unir a minha paix\u00e3o pelo design ao desejo de ajudar empresas em todo o mundo com solu\u00e7\u00f5es visuais personalizadas e estrat\u00e9gicas.<\/p>\n<p class=\"\" data-start=\"394\" data-end=\"774\">Com mais de 20 anos de experi\u00eancia global como designer gr\u00e1fico e diretor criativo, especializo-me na cria\u00e7\u00e3o de identidades de marca aut\u00eanticas, que n\u00e3o s\u00f3 captam a ess\u00eancia de cada neg\u00f3cio, mas tamb\u00e9m estabelecem conex\u00f5es genu\u00ednas com o p\u00fablico. A minha abordagem interdisciplinar alia est\u00e9tica e funcionalidade, garantindo que cada projeto seja visualmente marcante e eficaz.<\/p>\n<p class=\"\" data-start=\"776\" data-end=\"1167\">Ao longo dos anos, tive o privil\u00e9gio de colaborar com ag\u00eancias de publicidade, empresas de produ\u00e7\u00e3o de eventos, grandes corpora\u00e7\u00f5es, startups, criadores independentes e clientes particulares no Chile, Brasil e Portugal. Da Am\u00e9rica \u00e0 Europa, trabalho com marcas excecionais de diversos setores, trazendo uma perspetiva cultural rica para desenvolver designs que ressoam a uma escala global.<\/p>\n<p class=\"\" data-start=\"1169\" data-end=\"1642\">Seja no desenvolvimento de uma nova marca, na revitaliza\u00e7\u00e3o de uma identidade existente ou na cria\u00e7\u00e3o de campanhas memor\u00e1veis, na <strong data-start=\"1299\" data-end=\"1316\">SymmetricView<\/strong>, cada projeto vai al\u00e9m do design: \u00e9 a materializa\u00e7\u00e3o de um prop\u00f3sito. Acredito que uma identidade visual deve ser mais do que est\u00e9tica \u2013 deve contar uma hist\u00f3ria, criar impacto e transcender o tempo. Cada detalhe, cada composi\u00e7\u00e3o \u00e9 pensado para dar vida a narrativas aut\u00eanticas, refletindo a ess\u00eancia \u00fanica de cada cliente.<\/p>\n<p style=\"text-align: right;\"><em><strong>ELIAS PERKIS<\/strong><\/em><br \/>\n<em>Designer Gr\u00e1fico &amp; Diretor Criativo<\/em><\/p>\n<\/div>\n<\/div><\/div><\/div><\/div><div id=\"pg-210-1\"  class=\"panel-grid panel-no-style\" ><div id=\"pgc-210-1-0\"  class=\"panel-grid-cell\" ><div id=\"panel-210-1-0-0\" class=\"so-panel widget widget_sow-image panel-first-child panel-last-child\" data-index=\"2\" ><div\n\t\t\t\n\t\t\tclass=\"so-widget-sow-image so-widget-sow-image-default-3a2476c0e107-210\"\n\t\t\t\n\t\t>\n<div class=\"sow-image-container\">\n\t\t<noscript><img \n\tsrc=\"https:\/\/www.symmetricview.com\/home\/wp-content\/uploads\/2025\/03\/Recurso-4@4x-e1743034050395.png\" width=\"502\" height=\"660\" srcset=\"https:\/\/www.symmetricview.com\/home\/wp-content\/uploads\/2025\/03\/Recurso-4@4x-e1743034050395.png 502w, https:\/\/www.symmetricview.com\/home\/wp-content\/uploads\/2025\/03\/Recurso-4@4x-e1743034050395-228x300.png 228w, https:\/\/www.symmetricview.com\/home\/wp-content\/uploads\/2025\/03\/Recurso-4@4x-e1743034050395-500x657.png 500w\" sizes=\"(max-width: 502px) 100vw, 502px\" title=\"Recurso-4@4x\" alt=\"\" \t\tclass=\"so-widget-image\"\/><\/noscript><img src=\"https:\/\/www.symmetricview.com\/home\/wp-content\/uploads\/2025\/03\/Recurso-4@4x-e1743034050395.png\" width=\"502\" height=\"660\" srcset=\"data:image\/svg+xml;base64,PHN2ZyB3aWR0aD0iNTAyIiBoZWlnaHQ9IjY2MCIgdmlld0JveD0iMCAwIDUwMiA2NjAiIGZpbGw9Im5vbmUiIHhtbG5zPSJodHRwOi8vd3d3LnczLm9yZy8yMDAwL3N2ZyI+PC9zdmc+\" title=\"Recurso-4@4x\" alt class=\"so-widget-image vp-lazyload\" data-src=\"https:\/\/www.symmetricview.com\/home\/wp-content\/uploads\/2025\/03\/Recurso-4@4x-e1743034050395.png\" data-srcset=\"https:\/\/www.symmetricview.com\/home\/wp-content\/uploads\/2025\/03\/Recurso-4@4x-e1743034050395.png 502w, https:\/\/www.symmetricview.com\/home\/wp-content\/uploads\/2025\/03\/Recurso-4@4x-e1743034050395-228x300.png 228w, https:\/\/www.symmetricview.com\/home\/wp-content\/uploads\/2025\/03\/Recurso-4@4x-e1743034050395-500x657.png 500w\" data-sizes=\"auto\" loading=\"eager\">\n\t<\/div>\n\n<\/div><\/div><\/div><div id=\"pgc-210-1-1\"  class=\"panel-grid-cell\" ><div id=\"panel-210-1-1-0\" class=\"so-panel widget widget_sow-editor panel-first-child panel-last-child\" data-index=\"3\" ><div\n\t\t\t\n\t\t\tclass=\"so-widget-sow-editor so-widget-sow-editor-base\"\n\t\t\t\n\t\t>\n<div class=\"siteorigin-widget-tinymce textwidget\">\n\t<h3><strong data-start=\"223\" data-end=\"260\">Vis\u00e3o e Transcend\u00eancia<br \/>\n<\/strong><\/h3>\n<p class=\"p1\">Na <span class=\"s1\"><b>SymmetricView<\/b><\/span>, acreditamos que o design \u00e9 a fus\u00e3o entre a cria\u00e7\u00e3o org\u00e2nica e a estrutura matem\u00e1tica que d\u00e1 forma ao mundo. Tal como a <span class=\"s1\"><b>Semente da Vida<\/b><\/span> representa o princ\u00edpio criador e a interconex\u00e3o de tudo, integramos a ess\u00eancia das ideias ao rigor da est\u00e9tica e da funcionalidade. A <strong>Propor\u00e7\u00e3o \u00c1urea<\/strong>, presente na natureza e na arte, guia-nos na busca pelo equil\u00edbrio e pelo impacto visual, enquanto a <span class=\"s1\"><b>Grade de Perspetiva<\/b><\/span> permite-nos estruturar e dar profundidade a cada projeto.<\/p>\n<p class=\"p1\">Criamos marcas e experi\u00eancias visuais que n\u00e3o s\u00e3o apenas belas, mas que carregam um significado profundo, estabelecendo liga\u00e7\u00f5es aut\u00eanticas com as pessoas. A nossa miss\u00e3o \u00e9 transformar ideias em identidades que transcendem o tempo, unindo o intuitivo ao calculado, o art\u00edstico ao estrat\u00e9gico.<\/p>\n<blockquote>\n<p class=\"p1\"><strong><em><span class=\"s1\">SymmetricView<\/span>: equil\u00edbrio entre o org\u00e2nico e o geom\u00e9trico, o espiritual e o racional, a ess\u00eancia e a forma.<\/em><\/strong><\/p>\n<\/blockquote>\n<p>&nbsp;<\/p>\n<\/div>\n<\/div><\/div><\/div><\/div><\/div>","protected":false},"excerpt":{"rendered":"<p>20 anos de experi\u00eancia em projetos \u00e0 escala global, com foco principal em Design Gr\u00e1fico e Publicidade.<\/p>\n","protected":false},"author":1,"featured_media":1620,"parent":0,"menu_order":1,"comment_status":"closed","ping_status":"closed","template":"template-fullwidth.php","meta":{"_vp_format_video_url":"","_vp_image_focal_point":[],"footnotes":""},"class_list":["post-210","page","type-page","status-publish","has-post-thumbnail","hentry"],"aioseo_notices":[],"_links":{"self":[{"href":"https:\/\/www.symmetricview.com\/home\/wp-json\/wp\/v2\/pages\/210","targetHints":{"allow":["GET"]}}],"collection":[{"href":"https:\/\/www.symmetricview.com\/home\/wp-json\/wp\/v2\/pages"}],"about":[{"href":"https:\/\/www.symmetricview.com\/home\/wp-json\/wp\/v2\/types\/page"}],"author":[{"embeddable":true,"href":"https:\/\/www.symmetricview.com\/home\/wp-json\/wp\/v2\/users\/1"}],"replies":[{"embeddable":true,"href":"https:\/\/www.symmetricview.com\/home\/wp-json\/wp\/v2\/comments?post=210"}],"version-history":[{"count":83,"href":"https:\/\/www.symmetricview.com\/home\/wp-json\/wp\/v2\/pages\/210\/revisions"}],"predecessor-version":[{"id":1424,"href":"https:\/\/www.symmetricview.com\/home\/wp-json\/wp\/v2\/pages\/210\/revisions\/1424"}],"wp:featuredmedia":[{"embeddable":true,"href":"https:\/\/www.symmetricview.com\/home\/wp-json\/wp\/v2\/media\/1620"}],"wp:attachment":[{"href":"https:\/\/www.symmetricview.com\/home\/wp-json\/wp\/v2\/media?parent=210"}],"curies":[{"name":"wp","href":"https:\/\/api.w.org\/{rel}","templated":true}]}}