{"id":205,"date":"2014-07-15T14:39:06","date_gmt":"2014-07-15T14:39:06","guid":{"rendered":"http:\/\/localhost:8888\/?page_id=205"},"modified":"2025-03-20T17:44:47","modified_gmt":"2025-03-20T17:44:47","slug":"servicos","status":"publish","type":"page","link":"https:\/\/www.symmetricview.com\/home\/servicos\/","title":{"rendered":"Servi\u00e7os"},"content":{"rendered":"<div id=\"pl-205\"  class=\"panel-layout\" ><div id=\"pg-205-0\"  class=\"panel-grid panel-no-style\" ><div id=\"pgc-205-0-0\"  class=\"panel-grid-cell\" ><div id=\"panel-205-0-0-0\" class=\"so-panel widget widget_sow-editor panel-first-child\" data-index=\"0\" ><div\n\t\t\t\n\t\t\tclass=\"so-widget-sow-editor so-widget-sow-editor-base\"\n\t\t\t\n\t\t>\n<div class=\"siteorigin-widget-tinymce textwidget\">\n\t<h2><strong>Branding<\/strong><\/h2>\n<p>Os servi\u00e7os de Branding englobam uma s\u00e9rie de a\u00e7\u00f5es direcionadas ao desenvolvimento e fortalecimento de uma marca. Estes servi\u00e7os s\u00e3o desenhados para criar e posicionar a marca de forma eficaz no mercado. Podem incluir, mas n\u00e3o se limitam a:<\/p>\n<\/div>\n<\/div><\/div><div id=\"panel-205-0-0-1\" class=\"so-panel widget widget_sow-accordion panel-last-child\" data-index=\"1\" ><div\n\t\t\t\n\t\t\tclass=\"so-widget-sow-accordion so-widget-sow-accordion-default-ae14589eaf6b-205\"\n\t\t\t\n\t\t><div>\n\t<div class=\"sow-accordion\">\n\t\t\t<div class=\"sow-accordion-panel\n\t\t\t\t\t\"\n\t\t\t\tdata-anchor-id=\"servicos-de-branding\">\n\t\t\t\t\t<div class=\"sow-accordion-panel-header-container\" role=\"heading\" aria-level=\"2\">\n\t\t\t\t\t<div class=\"sow-accordion-panel-header\" tabindex=\"0\" role=\"button\" id=\"accordion-label-servi%c3%a7os-de-branding\" aria-controls=\"accordion-content-servi%c3%a7os-de-branding\" aria-expanded=\"false\">\n\t\t\t\t\t\t<div class=\"sow-accordion-title sow-accordion-title-icon-left\">\n\t\t\t\t\t\t\t\t\t\t\t\t\t\tServi\u00e7os de Branding\t\t\t\t\t\t\t\t\t\t\t\t\t<\/div>\n\t\t\t\t\t\t<div class=\"sow-accordion-open-close-button\">\n\t\t\t\t\t\t\t<div class=\"sow-accordion-open-button\">\n\t\t\t\t\t\t\t\t<span class=\"sow-icon-ionicons\" data-sow-icon=\"&#xf218;\"\n\t\t \n\t\taria-hidden=\"true\"><\/span>\t\t\t\t\t\t\t<\/div>\n\t\t\t\t\t\t\t<div class=\"sow-accordion-close-button\">\n\t\t\t\t\t\t\t\t<span class=\"sow-icon-ionicons\" data-sow-icon=\"&#xf209;\"\n\t\t \n\t\taria-hidden=\"true\"><\/span>\t\t\t\t\t\t\t<\/div>\n\t\t\t\t\t\t<\/div>\n\t\t\t\t\t<\/div>\n\t\t\t\t<\/div>\n\n\t\t\t<div\n\t\t\t\tclass=\"sow-accordion-panel-content\"\n\t\t\t\trole=\"region\"\n\t\t\t\taria-labelledby=\"accordion-label-servi%c3%a7os-de-branding\"\n\t\t\t\tid=\"accordion-content-servi%c3%a7os-de-branding\"\n\t\t\t\tstyle=\"display: none;\"\t\t\t>\n\t\t\t\t<div class=\"sow-accordion-panel-border\">\n\t\t\t\t\t<div id=\"accordion-content-branding-services\" class=\"sow-accordion-panel-content\" role=\"region\" aria-labelledby=\"accordion-label-branding-services\">\n<div class=\"sow-accordion-panel-border\">\n<div class=\"flex max-w-full flex-col flex-grow\">\n<div class=\"min-h-8 text-message flex w-full flex-col items-end gap-2 whitespace-normal break-words text-start [.text-message+&amp;]:mt-5\" dir=\"auto\" data-message-author-role=\"assistant\" data-message-id=\"7b17c348-6bdc-42be-9d9c-a88c9b1151e3\" data-message-model-slug=\"gpt-4o-mini\">\n<div class=\"flex w-full flex-col gap-1 empty:hidden first:pt-[3px]\">\n<div class=\"markdown prose w-full break-words dark:prose-invert light\">\n<ul>\n<li><strong>Cria\u00e7\u00e3o de Identidade Visual:<br \/>\n<\/strong>Desenvolvimento do logotipo, paleta de cores, tipografia e outros elementos visuais que representam a marca.<\/li>\n<li><strong>Desenvolvimento de Estrat\u00e9gia de Marca:<br \/>\n<\/strong>Defini\u00e7\u00e3o dos valores, miss\u00e3o, vis\u00e3o e proposta de valor da marca, assim como a forma como se comunica com o seu p\u00fablico.<\/li>\n<li><strong>Design de Embalagens e Materiais de Marketing:<br \/>\n<\/strong>Cria\u00e7\u00e3o de embalagens, cart\u00f5es de visita, brochuras e outros materiais promocionais que refor\u00e7am a identidade da marca.<\/li>\n<li><strong>Posicionamento no Mercado:<br \/>\n<\/strong>Identifica\u00e7\u00e3o de como a marca ser\u00e1 percebida em rela\u00e7\u00e3o aos concorrentes e ao seu p\u00fablico-alvo.<\/li>\n<li><strong>Desenvolvimento de Conte\u00fad<\/strong>o<strong>:<br \/>\n<\/strong>Cria\u00e7\u00e3o de conte\u00fado (como texto, fotos, v\u00eddeos) que esteja alinhado com a vis\u00e3o e os valores da marca.<\/li>\n<li><strong>Consultoria em Branding:<br \/>\n<\/strong>Orienta\u00e7\u00e3o estrat\u00e9gica sobre como construir e manter uma marca forte ao longo do tempo.<\/li>\n<\/ul>\n<\/div>\n<\/div>\n<\/div>\n<\/div>\n<div class=\"mb-2 flex gap-3 empty:hidden -ml-2\"><\/div>\n<\/div>\n<\/div>\n\t\t\t\t<\/div>\n\t\t\t<\/div>\n\t\t<\/div>\n\t\t<\/div>\n<\/div>\n<\/div><\/div><\/div><div id=\"pgc-205-0-1\"  class=\"panel-grid-cell\" ><div id=\"panel-205-0-1-0\" class=\"so-panel widget widget_sow-editor panel-first-child\" data-index=\"2\" ><div\n\t\t\t\n\t\t\tclass=\"so-widget-sow-editor so-widget-sow-editor-base\"\n\t\t\t\n\t\t>\n<div class=\"siteorigin-widget-tinymce textwidget\">\n\t<h2><strong>Design<br \/>\n<\/strong><\/h2>\n<p>Desde brochuras e cart\u00f5es de visita a v\u00eddeos e meios interativos, o design gr\u00e1fico abrange todos os aspetos da cria\u00e7\u00e3o de conte\u00fados visuais em diversas plataformas. Trata-se de uma \u00e1rea que alia criatividade e t\u00e9cnica para desenvolver solu\u00e7\u00f5es visuais impactantes e eficazes na comunica\u00e7\u00e3o. Os nossos servi\u00e7os incluem:<\/p>\n<\/div>\n<\/div><\/div><div id=\"panel-205-0-1-1\" class=\"so-panel widget widget_sow-accordion panel-last-child\" data-index=\"3\" ><div\n\t\t\t\n\t\t\tclass=\"so-widget-sow-accordion so-widget-sow-accordion-default-ae14589eaf6b-205\"\n\t\t\t\n\t\t><div>\n\t<div class=\"sow-accordion\">\n\t\t\t<div class=\"sow-accordion-panel\n\t\t\t\t\t\"\n\t\t\t\tdata-anchor-id=\"servicos-de-design-grafico\">\n\t\t\t\t\t<div class=\"sow-accordion-panel-header-container\" role=\"heading\" aria-level=\"2\">\n\t\t\t\t\t<div class=\"sow-accordion-panel-header\" tabindex=\"0\" role=\"button\" id=\"accordion-label-servi%c3%a7os-de-design-gr%c3%a1fico\" aria-controls=\"accordion-content-servi%c3%a7os-de-design-gr%c3%a1fico\" aria-expanded=\"false\">\n\t\t\t\t\t\t<div class=\"sow-accordion-title sow-accordion-title-icon-left\">\n\t\t\t\t\t\t\t\t\t\t\t\t\t\tServi\u00e7os de Design Gr\u00e1fico\t\t\t\t\t\t\t\t\t\t\t\t\t<\/div>\n\t\t\t\t\t\t<div class=\"sow-accordion-open-close-button\">\n\t\t\t\t\t\t\t<div class=\"sow-accordion-open-button\">\n\t\t\t\t\t\t\t\t<span class=\"sow-icon-ionicons\" data-sow-icon=\"&#xf218;\"\n\t\t \n\t\taria-hidden=\"true\"><\/span>\t\t\t\t\t\t\t<\/div>\n\t\t\t\t\t\t\t<div class=\"sow-accordion-close-button\">\n\t\t\t\t\t\t\t\t<span class=\"sow-icon-ionicons\" data-sow-icon=\"&#xf209;\"\n\t\t \n\t\taria-hidden=\"true\"><\/span>\t\t\t\t\t\t\t<\/div>\n\t\t\t\t\t\t<\/div>\n\t\t\t\t\t<\/div>\n\t\t\t\t<\/div>\n\n\t\t\t<div\n\t\t\t\tclass=\"sow-accordion-panel-content\"\n\t\t\t\trole=\"region\"\n\t\t\t\taria-labelledby=\"accordion-label-servi%c3%a7os-de-design-gr%c3%a1fico\"\n\t\t\t\tid=\"accordion-content-servi%c3%a7os-de-design-gr%c3%a1fico\"\n\t\t\t\tstyle=\"display: none;\"\t\t\t>\n\t\t\t\t<div class=\"sow-accordion-panel-border\">\n\t\t\t\t\t<div id=\"accordion-content-graphic-design-services\" class=\"sow-accordion-panel-content\" role=\"region\" aria-labelledby=\"accordion-label-graphic-design-services\">\n<div class=\"sow-accordion-panel-border\">\n<ul>\n<li><strong>Design Gr\u00e1fico:<\/strong><br \/>\nDesenvolvimento de conceitos visuais, log\u00f3tipos e elementos de branding para representar uma marca ou produto de forma cativante.<\/li>\n<li><strong>Ilustra\u00e7\u00f5es:<br \/>\n<\/strong>Cria\u00e7\u00e3o de obras de arte e ilustra\u00e7\u00f5es personalizadas para melhorar a identidade visual, materiais de marketing e narra\u00e7\u00e3o de hist\u00f3rias.<\/li>\n<li><strong>Design de Embalagem:<br \/>\n<\/strong>Cria\u00e7\u00e3o de embalagens que sejam n\u00e3o s\u00f3 funcionais, mas tamb\u00e9m visualmente atraentes, garantindo que alinhem com a identidade da marca.<\/li>\n<li><strong>Design Editorial:<br \/>\n<\/strong>Layout e formata\u00e7\u00e3o de revistas, livros, jornais e outros materiais impressos, garantindo uma harmonia entre texto e elementos visuais.<\/li>\n<li><strong>Revistas, Brochuras e Cat\u00e1logos:<\/strong><br \/>\nDesign de publica\u00e7\u00f5es visualmente envolventes para marketing, cat\u00e1logos de produtos ou fins editoriais.<\/li>\n<li><strong>Produtos de Merchandising:<br \/>\n<\/strong>Cria\u00e7\u00e3o de designs para produtos de marca, como vestu\u00e1rio, acess\u00f3rios e artigos promocionais.<\/li>\n<li><strong>Impress\u00e3o em Grande Formato:<br \/>\n<\/strong>Design de materiais de impress\u00e3o em grande escala, como cartazes, bandeiras, pain\u00e9is publicit\u00e1rios e sinaliza\u00e7\u00e3o, para causar um impacto visual marcante.<\/li>\n<li><strong>Design 3D:<br \/>\n<\/strong>Cria\u00e7\u00e3o de conceitos visuais tridimensionais e renderiza\u00e7\u00f5es para produtos ou espa\u00e7os interiores, integrando est\u00e9tica, funcionalidade e branding.<\/li>\n<li><strong>Design de Eventos e Exposi\u00e7\u00f5es:<br \/>\n<\/strong>Cria\u00e7\u00e3o de elementos visuais para eventos, feiras, exposi\u00e7\u00f5es e instala\u00e7\u00f5es, proporcionando uma experi\u00eancia imersiva para os participantes.<\/li>\n<li><strong>Produ\u00e7\u00e3o de Processos de Impress\u00e3o:<\/strong><br \/>\nSupervis\u00e3o do processo de produ\u00e7\u00e3o para materiais impressos, garantindo qualidade e consist\u00eancia nos m\u00e9todos de impress\u00e3o e acabamentos.<\/li>\n<\/ul>\n<\/div>\n<\/div>\n\t\t\t\t<\/div>\n\t\t\t<\/div>\n\t\t<\/div>\n\t\t<\/div>\n<\/div>\n<\/div><\/div><\/div><div id=\"pgc-205-0-2\"  class=\"panel-grid-cell\" ><div id=\"panel-205-0-2-0\" class=\"so-panel widget widget_sow-editor panel-first-child\" data-index=\"4\" ><div\n\t\t\t\n\t\t\tclass=\"so-widget-sow-editor so-widget-sow-editor-base\"\n\t\t\t\n\t\t>\n<div class=\"siteorigin-widget-tinymce textwidget\">\n\t<h2><strong>Criativo<\/strong><\/h2>\n<p>Os servi\u00e7os de Dire\u00e7\u00e3o Criativa englobam uma ampla experi\u00eancia e lideran\u00e7a na supervis\u00e3o de projetos criativos, campanhas e estrat\u00e9gias de marca. O Diretor Criativo assegura que a vis\u00e3o art\u00edstica e o estilo visual estejam em sintonia com os objectivos do projeto e a identidade da marca. Estes servi\u00e7os incluem, geralmente:<\/p>\n<\/div>\n<\/div><\/div><div id=\"panel-205-0-2-1\" class=\"so-panel widget widget_sow-accordion panel-last-child\" data-index=\"5\" ><div\n\t\t\t\n\t\t\tclass=\"so-widget-sow-accordion so-widget-sow-accordion-default-ae14589eaf6b-205\"\n\t\t\t\n\t\t><div>\n\t<div class=\"sow-accordion\">\n\t\t\t<div class=\"sow-accordion-panel\n\t\t\t\t\t\"\n\t\t\t\tdata-anchor-id=\"servicos-de-direcao-criativa\">\n\t\t\t\t\t<div class=\"sow-accordion-panel-header-container\" role=\"heading\" aria-level=\"2\">\n\t\t\t\t\t<div class=\"sow-accordion-panel-header\" tabindex=\"0\" role=\"button\" id=\"accordion-label-servi%c3%a7os-de-dire%c3%a7%c3%a3o-criativa\" aria-controls=\"accordion-content-servi%c3%a7os-de-dire%c3%a7%c3%a3o-criativa\" aria-expanded=\"false\">\n\t\t\t\t\t\t<div class=\"sow-accordion-title sow-accordion-title-icon-left\">\n\t\t\t\t\t\t\t\t\t\t\t\t\t\tServi\u00e7os de Dire\u00e7\u00e3o Criativa\t\t\t\t\t\t\t\t\t\t\t\t\t<\/div>\n\t\t\t\t\t\t<div class=\"sow-accordion-open-close-button\">\n\t\t\t\t\t\t\t<div class=\"sow-accordion-open-button\">\n\t\t\t\t\t\t\t\t<span class=\"sow-icon-ionicons\" data-sow-icon=\"&#xf218;\"\n\t\t \n\t\taria-hidden=\"true\"><\/span>\t\t\t\t\t\t\t<\/div>\n\t\t\t\t\t\t\t<div class=\"sow-accordion-close-button\">\n\t\t\t\t\t\t\t\t<span class=\"sow-icon-ionicons\" data-sow-icon=\"&#xf209;\"\n\t\t \n\t\taria-hidden=\"true\"><\/span>\t\t\t\t\t\t\t<\/div>\n\t\t\t\t\t\t<\/div>\n\t\t\t\t\t<\/div>\n\t\t\t\t<\/div>\n\n\t\t\t<div\n\t\t\t\tclass=\"sow-accordion-panel-content\"\n\t\t\t\trole=\"region\"\n\t\t\t\taria-labelledby=\"accordion-label-servi%c3%a7os-de-dire%c3%a7%c3%a3o-criativa\"\n\t\t\t\tid=\"accordion-content-servi%c3%a7os-de-dire%c3%a7%c3%a3o-criativa\"\n\t\t\t\tstyle=\"display: none;\"\t\t\t>\n\t\t\t\t<div class=\"sow-accordion-panel-border\">\n\t\t\t\t\t<div id=\"accordion-content-creative-direction-services\" class=\"sow-accordion-panel-content\" role=\"region\" aria-labelledby=\"accordion-label-creative-direction-services\">\n<div class=\"sow-accordion-panel-border\">\n<div class=\"flex max-w-full flex-col flex-grow\">\n<div class=\"min-h-8 text-message flex w-full flex-col items-end gap-2 whitespace-normal break-words text-start [.text-message+&amp;]:mt-5\" dir=\"auto\" data-message-author-role=\"assistant\" data-message-id=\"c8d50424-32f7-4bad-800b-5c876ba7e69e\" data-message-model-slug=\"gpt-4o-mini\">\n<div class=\"flex w-full flex-col gap-1 empty:hidden first:pt-[3px]\">\n<div class=\"markdown prose w-full break-words dark:prose-invert light\">\n<ul>\n<li><strong>Dire\u00e7\u00e3o Criativa e Art\u00edstica<\/strong>:<br \/>\nLiderar o conceito visual e o desenvolvimento tem\u00e1tico, assegurando que a dire\u00e7\u00e3o art\u00edstica geral esteja em sintonia com a mensagem desejada e a identidade da marca.<\/li>\n<li><strong>Fotografia<\/strong>:<br \/>\nCapturar imagens cativantes que apoiem a vis\u00e3o criativa, desde a fotografia de produto at\u00e9 imagens de estilo de vida, contribuindo para uma narrativa visual forte.<\/li>\n<li><strong>P\u00f3s-Produ\u00e7\u00e3o<\/strong>:<br \/>\nRefinar e melhorar os materiais visuais atrav\u00e9s da edi\u00e7\u00e3o e retoque, garantindo um resultado final polido e profissional.<\/li>\n<li><strong>Design Editorial<\/strong>:<br \/>\nCriar layouts visualmente apelativos e f\u00e1ceis de usar para revistas, cat\u00e1logos, cartazes e outros materiais impressos ou digitais, garantindo que se alinhem com a est\u00e9tica da marca.<\/li>\n<li><strong>Revistas, Cat\u00e1logos e Cartazes<\/strong>:<br \/>\nCriar materiais impressos envolventes que comuniquem a mensagem da marca de forma visualmente cativante, servindo tamb\u00e9m a prop\u00f3sitos funcionais como promo\u00e7\u00e3o ou informa\u00e7\u00e3o.<\/li>\n<li><strong>Comunicados de Imprensa<\/strong>:<br \/>\nCriar comunicados de imprensa criativos e impactantes para comunicar not\u00edcias e atualiza\u00e7\u00f5es de forma que ressoe com o p\u00fablico-alvo.<\/li>\n<li><strong>Multim\u00e9dia<\/strong>:<br \/>\nntegrar diversas formas de media, como v\u00eddeo, anima\u00e7\u00e3o e elementos interativos, para enriquecer a experi\u00eancia da narrativa em plataformas digitais.<\/li>\n<li><strong>Apresenta\u00e7\u00f5es<\/strong>:<br \/>\nCriar apresenta\u00e7\u00f5es din\u00e2micas que representem visualmente as mensagens-chave, garantindo que informa\u00e7\u00f5es complexas sejam apresentadas de forma clara e envolvente.<\/li>\n<li><strong>Projetos Especiais<\/strong>:<br \/>\nGerir projetos \u00fanicos ou pontuais que exijam solu\u00e7\u00f5es criativas personalizadas, adaptadas \u00e0s necessidades espec\u00edficas do cliente ou da campanha.<\/li>\n<li><strong>Consultoria e Workshops<\/strong>:<br \/>\nOferecer conselhos especializados e workshops pr\u00e1ticos para orientar os clientes no desenvolvimento das suas estrat\u00e9gias criativas, fornecendo insights sobre branding visual, comunica\u00e7\u00e3o e melhores pr\u00e1ticas de design.<\/li>\n<\/ul>\n<\/div>\n<\/div>\n<\/div>\n<\/div>\n<\/div>\n<\/div>\n\t\t\t\t<\/div>\n\t\t\t<\/div>\n\t\t<\/div>\n\t\t<\/div>\n<\/div>\n<\/div><\/div><\/div><div id=\"pgc-205-0-3\"  class=\"panel-grid-cell\" ><div id=\"panel-205-0-3-0\" class=\"so-panel widget widget_sow-editor panel-first-child\" data-index=\"6\" ><div\n\t\t\t\n\t\t\tclass=\"so-widget-sow-editor so-widget-sow-editor-base\"\n\t\t\t\n\t\t>\n<div class=\"siteorigin-widget-tinymce textwidget\">\n\t<h2><strong>Web<br \/>\n<\/strong><\/h2>\n<p>Os Servi\u00e7os de Solu\u00e7\u00f5es Web englobam um conjunto completo de solu\u00e7\u00f5es concebidas para criar, otimizar e gerir a presen\u00e7a online de empresas e particulares. Estes servi\u00e7os incluem:<\/p>\n<\/div>\n<\/div><\/div><div id=\"panel-205-0-3-1\" class=\"so-panel widget widget_sow-accordion panel-last-child\" data-index=\"7\" ><div\n\t\t\t\n\t\t\tclass=\"so-widget-sow-accordion so-widget-sow-accordion-default-ae14589eaf6b-205\"\n\t\t\t\n\t\t><div>\n\t<div class=\"sow-accordion\">\n\t\t\t<div class=\"sow-accordion-panel\n\t\t\t\t\t\"\n\t\t\t\tdata-anchor-id=\"servicos-de-solucoes-web\">\n\t\t\t\t\t<div class=\"sow-accordion-panel-header-container\" role=\"heading\" aria-level=\"2\">\n\t\t\t\t\t<div class=\"sow-accordion-panel-header\" tabindex=\"0\" role=\"button\" id=\"accordion-label-servi%c3%a7os-de-solu%c3%a7%c3%b5es-web\" aria-controls=\"accordion-content-servi%c3%a7os-de-solu%c3%a7%c3%b5es-web\" aria-expanded=\"false\">\n\t\t\t\t\t\t<div class=\"sow-accordion-title sow-accordion-title-icon-left\">\n\t\t\t\t\t\t\t\t\t\t\t\t\t\tServi\u00e7os de solu\u00e7\u00f5es Web\t\t\t\t\t\t\t\t\t\t\t\t\t<\/div>\n\t\t\t\t\t\t<div class=\"sow-accordion-open-close-button\">\n\t\t\t\t\t\t\t<div class=\"sow-accordion-open-button\">\n\t\t\t\t\t\t\t\t<span class=\"sow-icon-ionicons\" data-sow-icon=\"&#xf218;\"\n\t\t \n\t\taria-hidden=\"true\"><\/span>\t\t\t\t\t\t\t<\/div>\n\t\t\t\t\t\t\t<div class=\"sow-accordion-close-button\">\n\t\t\t\t\t\t\t\t<span class=\"sow-icon-ionicons\" data-sow-icon=\"&#xf209;\"\n\t\t \n\t\taria-hidden=\"true\"><\/span>\t\t\t\t\t\t\t<\/div>\n\t\t\t\t\t\t<\/div>\n\t\t\t\t\t<\/div>\n\t\t\t\t<\/div>\n\n\t\t\t<div\n\t\t\t\tclass=\"sow-accordion-panel-content\"\n\t\t\t\trole=\"region\"\n\t\t\t\taria-labelledby=\"accordion-label-servi%c3%a7os-de-solu%c3%a7%c3%b5es-web\"\n\t\t\t\tid=\"accordion-content-servi%c3%a7os-de-solu%c3%a7%c3%b5es-web\"\n\t\t\t\tstyle=\"display: none;\"\t\t\t>\n\t\t\t\t<div class=\"sow-accordion-panel-border\">\n\t\t\t\t\t<div id=\"accordion-content-web-solutions-services\" class=\"sow-accordion-panel-content\" role=\"region\" aria-labelledby=\"accordion-label-web-solutions-services\">\n<div class=\"sow-accordion-panel-border\">\n<ul>\n<li><strong>Design de Websites<\/strong>:<br \/>\nCria\u00e7\u00e3o de websites personalizados e visualmente apelativos, funcionais e envolventes para os utilizadores.<\/li>\n<li><strong>Consultoria de Websites<\/strong>:<br \/>\nOferecer aconselhamento especializado sobre as estrat\u00e9gias e tecnologias mais eficazes para construir ou melhorar um website.<\/li>\n<li><strong>Configura\u00e7\u00e3o de E-Commerce<\/strong>:<br \/>\nCria\u00e7\u00e3o e configura\u00e7\u00e3o de lojas online, incluindo a integra\u00e7\u00e3o de sistemas de pagamento e solu\u00e7\u00f5es de cesto de compras.<\/li>\n<li><strong>SEO e An\u00e1lises<\/strong>:<br \/>\nImplementa\u00e7\u00e3o de t\u00e9cnicas de SEO para aumentar a visibilidade do site nos resultados dos motores de busca, juntamente com o uso de an\u00e1lises para monitorizar o desempenho e realizar melhorias baseadas em dados.<\/li>\n<li><strong>E-mail &amp; Newsletters<\/strong>:<br \/>\nDesenho e gest\u00e3o de campanhas de e-mail e newsletters para envolver os utilizadores, promover servi\u00e7os e construir rela\u00e7\u00f5es com os clientes.<\/li>\n<li><strong>Alojamento Web<\/strong>:<br \/>\nArmazenamento de websites em servidores para garantir que permanecem acess\u00edveis aos utilizadores online.<\/li>\n<li><strong>Sistemas de Gest\u00e3o de Conte\u00fados (CMS)<\/strong>:<br \/>\nFornecimento de plataformas como WordPress ou Joomla que permitem atualiza\u00e7\u00f5es f\u00e1ceis e gest\u00e3o de conte\u00fados.<\/li>\n<li><strong>Marketing Digital<\/strong>:<br \/>\nCria\u00e7\u00e3o de estrat\u00e9gias digitais que incluem an\u00fancios pagos, promo\u00e7\u00f5es em redes sociais e marketing por e-mail para gerar tr\u00e1fego e envolvimento.<\/li>\n<li><strong>Suporte e Manuten\u00e7\u00e3o<\/strong>:<br \/>\nFornecimento de atualiza\u00e7\u00f5es cont\u00ednuas, monitoriza\u00e7\u00e3o e suporte t\u00e9cnico para garantir que o website funcione corretamente.<\/li>\n<\/ul>\n<\/div>\n<\/div>\n\t\t\t\t<\/div>\n\t\t\t<\/div>\n\t\t<\/div>\n\t\t<\/div>\n<\/div>\n<\/div><\/div><\/div><\/div><div id=\"pg-205-1\"  class=\"panel-grid panel-no-style\" ><div id=\"pgc-205-1-0\"  class=\"panel-grid-cell panel-grid-cell-empty panel-grid-cell-mobile-last\" ><\/div><div id=\"pgc-205-1-1\"  class=\"panel-grid-cell panel-grid-cell-empty\" ><\/div><\/div><div id=\"pg-205-2\"  class=\"panel-grid panel-no-style\" ><div id=\"pgc-205-2-0\"  class=\"panel-grid-cell panel-grid-cell-empty\" ><\/div><\/div><div id=\"pg-205-3\"  class=\"panel-grid panel-no-style\" ><div id=\"pgc-205-3-0\"  class=\"panel-grid-cell\" ><div id=\"panel-205-3-0-0\" class=\"so-panel widget widget_sow-editor panel-first-child\" data-index=\"8\" ><div\n\t\t\t\n\t\t\tclass=\"so-widget-sow-editor so-widget-sow-editor-base\"\n\t\t\t\n\t\t>\n<div class=\"siteorigin-widget-tinymce textwidget\">\n\t<h2 style=\"text-align: center;\"><strong>Resolvo problemas de neg\u00f3cios atrav\u00e9s do design.<\/strong><\/h2>\n<p style=\"text-align: center;\"><em>\"O meu trabalho vai muito al\u00e9m da est\u00e9tica: trata-se de enfrentar desafios e alcan\u00e7ar os seus objetivos de neg\u00f3cio com criatividade e estrat\u00e9gia. O meu prop\u00f3sito \u00e9 inspirar, inovar e desenvolver designs que tornam as marcas verdadeiramente impactantes.\"<\/em><\/p>\n<\/div>\n<\/div><\/div><div id=\"panel-205-3-0-1\" class=\"so-panel widget widget_sow-accordion panel-last-child\" data-index=\"9\" ><div\n\t\t\t\n\t\t\tclass=\"so-widget-sow-accordion so-widget-sow-accordion-default-ae14589eaf6b-205\"\n\t\t\t\n\t\t><div>\n\t<div class=\"sow-accordion\">\n\t\t\t<div class=\"sow-accordion-panel\n\t\t\t\t\t\"\n\t\t\t\tdata-anchor-id=\"o-meu-processo\">\n\t\t\t\t\t<div class=\"sow-accordion-panel-header-container\" role=\"heading\" aria-level=\"2\">\n\t\t\t\t\t<div class=\"sow-accordion-panel-header\" tabindex=\"0\" role=\"button\" id=\"accordion-label-o-meu-processo\" aria-controls=\"accordion-content-o-meu-processo\" aria-expanded=\"false\">\n\t\t\t\t\t\t<div class=\"sow-accordion-title sow-accordion-title-icon-left\">\n\t\t\t\t\t\t\t\t\t\t\t\t\t\tO meu processo.\t\t\t\t\t\t\t\t\t\t\t\t\t<\/div>\n\t\t\t\t\t\t<div class=\"sow-accordion-open-close-button\">\n\t\t\t\t\t\t\t<div class=\"sow-accordion-open-button\">\n\t\t\t\t\t\t\t\t<span class=\"sow-icon-ionicons\" data-sow-icon=\"&#xf218;\"\n\t\t \n\t\taria-hidden=\"true\"><\/span>\t\t\t\t\t\t\t<\/div>\n\t\t\t\t\t\t\t<div class=\"sow-accordion-close-button\">\n\t\t\t\t\t\t\t\t<span class=\"sow-icon-ionicons\" data-sow-icon=\"&#xf209;\"\n\t\t \n\t\taria-hidden=\"true\"><\/span>\t\t\t\t\t\t\t<\/div>\n\t\t\t\t\t\t<\/div>\n\t\t\t\t\t<\/div>\n\t\t\t\t<\/div>\n\n\t\t\t<div\n\t\t\t\tclass=\"sow-accordion-panel-content\"\n\t\t\t\trole=\"region\"\n\t\t\t\taria-labelledby=\"accordion-label-o-meu-processo\"\n\t\t\t\tid=\"accordion-content-o-meu-processo\"\n\t\t\t\tstyle=\"display: none;\"\t\t\t>\n\t\t\t\t<div class=\"sow-accordion-panel-border\">\n\t\t\t\t\t<div class=\"section__content\">\n<ol>\n<li><strong>\u2022 Reuni\u00e3o e Relat\u00f3rio:<\/strong><br \/>\nPrimeiro, quero aprender tudo sobre voc\u00ea e o seu projeto, marca ou ideia. Farei muitas perguntas para entender o que o motiva, o seu p\u00fablico-alvo, o que realmente deseja e o que verdadeiramente precisa.\n<p><strong>\u2022 Pesquisa e Desenvolvimento de Conceitos Estrat\u00e9gicos e Criativos:<\/strong><br \/>\nRevisto tudo o que recolhi e expando essa informa\u00e7\u00e3o atrav\u00e9s de pesquisa, utilizando a minha experi\u00eancia. Depois, ancorarei o seu projeto numa estrat\u00e9gia empresarial s\u00f3lida e num conceito criativo.<\/p>\n<p><strong>\u2022 Processo de Design:<\/strong><br \/>\nAqui \u00e9 onde mostro as minhas habilidades de design, traduzindo a estrat\u00e9gia e o conceito criativo numa proposta vibrante e din\u00e2mica. Esta \u00e9 a minha parte favorita do processo: criar trabalhos relevantes e impactantes que impulsionem o seu neg\u00f3cio.<\/p>\n<p><strong>\u2022 Apresenta\u00e7\u00e3o e Produ\u00e7\u00e3o:<\/strong><br \/>\nQuando apresento as minhas propostas, escuto com aten\u00e7\u00e3o, discuto e trabalho de perto consigo para refinar os designs. Assim que estiver satisfeito, colaboro com os meus parceiros externos para dar vida ao resultado final.<\/p>\n<p><strong>\u2022 Conclus\u00e3o do Projeto:<\/strong><br \/>\nO meu trabalho n\u00e3o termina quando tudo est\u00e1 pronto e aprovado. Agora que voc\u00ea tamb\u00e9m \u00e9 um \"criativo\", adoraria continuar a trabalhar consigo para construir o sucesso cont\u00ednuo da sua marca.<\/p><\/li>\n<\/ol>\n<\/div>\n\t\t\t\t<\/div>\n\t\t\t<\/div>\n\t\t<\/div>\n\t\t<\/div>\n<\/div>\n<\/div><\/div><\/div><\/div><\/div>","protected":false},"excerpt":{"rendered":"<p>Abordagem interdisciplinar em Branding, Design Gr\u00e1fico, Dire\u00e7\u00e3o Criativa e Web, desenvolvendo projetos que cativam, inspiram e geram resultados eficazes.<\/p>\n","protected":false},"author":1,"featured_media":1427,"parent":0,"menu_order":2,"comment_status":"closed","ping_status":"closed","template":"template-fullwidth.php","meta":{"_vp_format_video_url":"","_vp_image_focal_point":[],"footnotes":""},"class_list":["post-205","page","type-page","status-publish","has-post-thumbnail","hentry"],"aioseo_notices":[],"_links":{"self":[{"href":"https:\/\/www.symmetricview.com\/home\/wp-json\/wp\/v2\/pages\/205","targetHints":{"allow":["GET"]}}],"collection":[{"href":"https:\/\/www.symmetricview.com\/home\/wp-json\/wp\/v2\/pages"}],"about":[{"href":"https:\/\/www.symmetricview.com\/home\/wp-json\/wp\/v2\/types\/page"}],"author":[{"embeddable":true,"href":"https:\/\/www.symmetricview.com\/home\/wp-json\/wp\/v2\/users\/1"}],"replies":[{"embeddable":true,"href":"https:\/\/www.symmetricview.com\/home\/wp-json\/wp\/v2\/comments?post=205"}],"version-history":[{"count":75,"href":"https:\/\/www.symmetricview.com\/home\/wp-json\/wp\/v2\/pages\/205\/revisions"}],"predecessor-version":[{"id":2272,"href":"https:\/\/www.symmetricview.com\/home\/wp-json\/wp\/v2\/pages\/205\/revisions\/2272"}],"wp:featuredmedia":[{"embeddable":true,"href":"https:\/\/www.symmetricview.com\/home\/wp-json\/wp\/v2\/media\/1427"}],"wp:attachment":[{"href":"https:\/\/www.symmetricview.com\/home\/wp-json\/wp\/v2\/media?parent=205"}],"curies":[{"name":"wp","href":"https:\/\/api.w.org\/{rel}","templated":true}]}}