{"id":2027,"date":"2023-01-23T21:35:37","date_gmt":"2023-01-23T21:35:37","guid":{"rendered":"https:\/\/www.symmetricview.com\/home\/?page_id=2027"},"modified":"2025-05-27T13:23:40","modified_gmt":"2025-05-27T13:23:40","slug":"design-web","status":"publish","type":"page","link":"https:\/\/www.symmetricview.com\/home\/design-web\/","title":{"rendered":"Design Web"},"content":{"rendered":"<div id=\"pl-2027\"  class=\"panel-layout\" ><div id=\"pg-2027-0\"  class=\"panel-grid panel-no-style\" ><div id=\"pgc-2027-0-0\"  class=\"panel-grid-cell\" ><div id=\"panel-2027-0-0-0\" class=\"so-panel widget widget_sow-editor panel-first-child panel-last-child\" data-index=\"0\" ><div\n\t\t\t\n\t\t\tclass=\"so-widget-sow-editor so-widget-sow-editor-base\"\n\t\t\t\n\t\t>\n<div class=\"siteorigin-widget-tinymce textwidget\">\n\t<p style=\"text-align: center;\">Design de Websites<br \/>\nConsultoria de Websites<br \/>\nConfigura\u00e7\u00e3o de Com\u00e9rcio Eletr\u00f3nico<br \/>\nSEO e An\u00e1lises<br \/>\nE-mail e Newsletters<\/p>\n<\/div>\n<\/div><\/div><\/div><\/div><div id=\"pg-2027-1\"  class=\"panel-grid panel-no-style\" ><div id=\"pgc-2027-1-0\"  class=\"panel-grid-cell\" ><div id=\"panel-2027-1-0-0\" class=\"so-panel widget widget_sow-editor panel-first-child panel-last-child\" data-index=\"1\" ><div\n\t\t\t\n\t\t\tclass=\"so-widget-sow-editor so-widget-sow-editor-base\"\n\t\t\t\n\t\t>\n<div class=\"siteorigin-widget-tinymce textwidget\">\n\t<div id=\"flipbox-widget-2032\" class=\"cfb_wrapper with-image flex-row\" data-flipboxid=\"flipbox-widget-2032\" data-bootstrap-status=\"enable\" data-fontawesome-icons=\"enable\"><div class=\"flex-col-md-6 cfb-box-1 cfb-box-wrapper\">\n                            <div class=\"flipbox-container cfb-layout-2 cfb-flip cfb-hover\" data-effect=\"y\" data-height=\"equal\" >\n                            <div class=\"flipbox-front-layout cfb-data\">\n                                <div class=\"flipbox-img\"><noscript><img decoding=\"async\" data-skip-lazy src=\"http:\/\/www.symmetricview.com\/home\/wp-content\/uploads\/2025\/05\/Captura-de-pantalla-2025-05-27-a-las-13.25.52.jpg\" alt=\"\" \/><\/noscript><img decoding=\"async\" src=\"data:image\/svg+xml;base64,PHN2ZyB3aWR0aD0iMjAwMCIgaGVpZ2h0PSIxMDE0IiB2aWV3Qm94PSIwIDAgMjAwMCAxMDE0IiBmaWxsPSJub25lIiB4bWxucz0iaHR0cDovL3d3dy53My5vcmcvMjAwMC9zdmciPjwvc3ZnPg==\" alt data-src=\"http:\/\/www.symmetricview.com\/home\/wp-content\/uploads\/2025\/05\/Captura-de-pantalla-2025-05-27-a-las-13.25.52.jpg\" data-sizes=\"auto\" loading=\"eager\" class=\"vp-lazyload\"><\/div><\/div>\n                            <div class=\"flipbox-back-layout cfb-data\" style=\"background:#000000\">\n                            <h4>MG - Bach Flower Therapy<\/h4>\n                                <p>Terapia com Florais de Bach, com sede na vila de Cascais, Portugal e atendimento online a n\u00edvel mundial.<\/p><a target=\"_self\" href=\"https:\/\/floraisdebachmg.com\/\" style=\"color:#000000\" class=\"back-layout-btn\">Visit website<\/a><\/div>\n                            <\/div>\n                        <\/div><div class=\"flex-col-md-6 cfb-box-2 cfb-box-wrapper\">\n                            <div class=\"flipbox-container cfb-layout-2 cfb-flip cfb-hover\" data-effect=\"y\" data-height=\"equal\" >\n                            <div class=\"flipbox-front-layout cfb-data\">\n                                <div class=\"flipbox-img\"><noscript><img decoding=\"async\" data-skip-lazy src=\"http:\/\/www.symmetricview.com\/home\/wp-content\/uploads\/2025\/05\/Captura-de-pantalla-2025-05-27-a-las-13.26.22.jpg\" alt=\"\" \/><\/noscript><img decoding=\"async\" src=\"data:image\/svg+xml;base64,PHN2ZyB3aWR0aD0iMjAwMCIgaGVpZ2h0PSI5NjYiIHZpZXdCb3g9IjAgMCAyMDAwIDk2NiIgZmlsbD0ibm9uZSIgeG1sbnM9Imh0dHA6Ly93d3cudzMub3JnLzIwMDAvc3ZnIj48L3N2Zz4=\" alt data-src=\"http:\/\/www.symmetricview.com\/home\/wp-content\/uploads\/2025\/05\/Captura-de-pantalla-2025-05-27-a-las-13.26.22.jpg\" data-sizes=\"auto\" loading=\"eager\" class=\"vp-lazyload\"><\/div><\/div>\n                            <div class=\"flipbox-back-layout cfb-data\" style=\"background:#000000\">\n                            <h4>Rosa Choc - Confeitaria de Chocolate<\/h4>\n                                <p>RosaChoc: recomendada para amantes incorrig\u00edveis de chocolate. Delicie sem modera\u00e7\u00e3o. Excel\u00eancia e respeito \u00e0 produ\u00e7\u00e3o artesanal de produtos tradicionais de chocolate<\/p><a target=\"_self\" href=\"https:\/\/rosachoc.pt\/mobile\/\" style=\"color:#000000\" class=\"back-layout-btn\">Visit website<\/a><\/div>\n                            <\/div>\n                        <\/div><div class=\"flex-col-md-6 cfb-box-3 cfb-box-wrapper\">\n                            <div class=\"flipbox-container cfb-layout-2 cfb-flip cfb-hover\" data-effect=\"y\" data-height=\"equal\" >\n                            <div class=\"flipbox-front-layout cfb-data\">\n                                <div class=\"flipbox-img\"><noscript><img decoding=\"async\" data-skip-lazy src=\"http:\/\/www.symmetricview.com\/home\/wp-content\/uploads\/2023\/01\/casadaseiras-pt-1.jpg\" alt=\"\" \/><\/noscript><img decoding=\"async\" src=\"data:image\/svg+xml;base64,PHN2ZyB3aWR0aD0iMjAwMCIgaGVpZ2h0PSIxNzE0IiB2aWV3Qm94PSIwIDAgMjAwMCAxNzE0IiBmaWxsPSJub25lIiB4bWxucz0iaHR0cDovL3d3dy53My5vcmcvMjAwMC9zdmciPjwvc3ZnPg==\" alt data-src=\"http:\/\/www.symmetricview.com\/home\/wp-content\/uploads\/2023\/01\/casadaseiras-pt-1.jpg\" data-sizes=\"auto\" loading=\"eager\" class=\"vp-lazyload\"><\/div><\/div>\n                            <div class=\"flipbox-back-layout cfb-data\" style=\"background:#000000\">\n                            <h4>Casa das Eiras - B&amp;B and Holiday Apartment<\/h4>\n                                <p>In a labour of love and an eye for detail, this fully restored authentic country home has been returned to its original former glory. Our \u201cquinta\u201d is situated in the middle of Portugal in the small village of Pereira\/Mouronho. You will find Pereira near the River Alva between the cities of Coimbr...<\/p><a target=\"_self\" href=\"https:\/\/casadaseiras.pt\/casa-das-eiras\/\" style=\"color:#000000\" class=\"back-layout-btn\">Visit website<\/a><\/div>\n                            <\/div>\n                        <\/div><div class=\"flex-col-md-6 cfb-box-4 cfb-box-wrapper\">\n                            <div class=\"flipbox-container cfb-layout-2 cfb-flip cfb-hover\" data-effect=\"y\" data-height=\"equal\" >\n                            <div class=\"flipbox-front-layout cfb-data\">\n                                <div class=\"flipbox-img\"><noscript><img decoding=\"async\" data-skip-lazy src=\"http:\/\/www.symmetricview.com\/home\/wp-content\/uploads\/2023\/01\/justvelvet-pt.jpg\" alt=\"\" \/><\/noscript><img decoding=\"async\" src=\"data:image\/svg+xml;base64,PHN2ZyB3aWR0aD0iMjAwMCIgaGVpZ2h0PSIxNzIwIiB2aWV3Qm94PSIwIDAgMjAwMCAxNzIwIiBmaWxsPSJub25lIiB4bWxucz0iaHR0cDovL3d3dy53My5vcmcvMjAwMC9zdmciPjwvc3ZnPg==\" alt data-src=\"http:\/\/www.symmetricview.com\/home\/wp-content\/uploads\/2023\/01\/justvelvet-pt.jpg\" data-sizes=\"auto\" loading=\"eager\" class=\"vp-lazyload\"><\/div><\/div>\n                            <div class=\"flipbox-back-layout cfb-data\" style=\"background:#000000\">\n                            <h4>Just Velvet - First shop specialized in Red Velvet Cakes in Lisbon<\/h4>\n                                <p>We make the best Red Velvet cake that you will ever experience in your life. One Flavour, One Passion, a delicious journey to an era of glamour and infinite sensations.<\/p><a target=\"_self\" href=\"https:\/\/www.justvelvet.pt\" style=\"color:#000000\" class=\"back-layout-btn\">Visit website<\/a><\/div>\n                            <\/div>\n                        <\/div><div class=\"flex-col-md-6 cfb-box-5 cfb-box-wrapper\">\n                            <div class=\"flipbox-container cfb-layout-2 cfb-flip cfb-hover\" data-effect=\"y\" data-height=\"equal\" >\n                            <div class=\"flipbox-front-layout cfb-data\">\n                                <div class=\"flipbox-img\"><noscript><img decoding=\"async\" data-skip-lazy src=\"http:\/\/www.symmetricview.com\/home\/wp-content\/uploads\/2023\/01\/camadecristal-pt-1.jpg\" alt=\"\" \/><\/noscript><img decoding=\"async\" src=\"data:image\/svg+xml;base64,PHN2ZyB3aWR0aD0iMjAwMCIgaGVpZ2h0PSIxNzEwIiB2aWV3Qm94PSIwIDAgMjAwMCAxNzEwIiBmaWxsPSJub25lIiB4bWxucz0iaHR0cDovL3d3dy53My5vcmcvMjAwMC9zdmciPjwvc3ZnPg==\" alt data-src=\"http:\/\/www.symmetricview.com\/home\/wp-content\/uploads\/2023\/01\/camadecristal-pt-1.jpg\" data-sizes=\"auto\" loading=\"eager\" class=\"vp-lazyload\"><\/div><\/div>\n                            <div class=\"flipbox-back-layout cfb-data\" style=\"background:#000000\">\n                            <h4>Cama de Cristal - O Poder da Terapia das Cores<\/h4>\n                                <p>Cada pessoa, que recebe uma sess\u00e3o de banho de cristais relata um efeito diferente, uma experi\u00eancia agrad\u00e1vel e satisfat\u00f3ria que vai ao encontro da sua necessidade.<\/p><a target=\"_self\" href=\"https:\/\/camadecristalrf.com.br\" style=\"color:#000000\" class=\"back-layout-btn\">Visit website<\/a><\/div>\n                            <\/div>\n                        <\/div><div class=\"flex-col-md-6 cfb-box-6 cfb-box-wrapper\">\n                            <div class=\"flipbox-container cfb-layout-2 cfb-flip cfb-hover\" data-effect=\"y\" data-height=\"equal\" >\n                            <div class=\"flipbox-front-layout cfb-data\">\n                                <div class=\"flipbox-img\"><noscript><img decoding=\"async\" data-skip-lazy src=\"http:\/\/www.symmetricview.com\/home\/wp-content\/uploads\/2023\/01\/kurtos-pt.jpg\" alt=\"\" \/><\/noscript><img decoding=\"async\" src=\"data:image\/svg+xml;base64,PHN2ZyB3aWR0aD0iMjAwMCIgaGVpZ2h0PSIxNzA2IiB2aWV3Qm94PSIwIDAgMjAwMCAxNzA2IiBmaWxsPSJub25lIiB4bWxucz0iaHR0cDovL3d3dy53My5vcmcvMjAwMC9zdmciPjwvc3ZnPg==\" alt data-src=\"http:\/\/www.symmetricview.com\/home\/wp-content\/uploads\/2023\/01\/kurtos-pt.jpg\" data-sizes=\"auto\" loading=\"eager\" class=\"vp-lazyload\"><\/div><\/div>\n                            <div class=\"flipbox-back-layout cfb-data\" style=\"background:#000000\">\n                            <h4>KURTOS PT - Food Truck<\/h4>\n                                <p>KURTOSPT, a casa em Portugal dos K\u00fcrt\u00f6s Kal\u00e1cs, o tradicional doce europeu nascido na Transilv\u00e2nia. Somos o Food Truck mais fixe e com maior sucesso de Portugal, premiados em exposi\u00e7\u00f5es, feiras e festivais e o melhor de tudo, os preferidos do p\u00fablico em cada lugar por onde passamos.<\/p><a target=\"_self\" href=\"https:\/\/www.kurtos.pt\" style=\"color:#000000\" class=\"back-layout-btn\">Visit website<\/a><\/div>\n                            <\/div>\n                        <\/div><div class=\"flex-col-md-6 cfb-box-7 cfb-box-wrapper\">\n                            <div class=\"flipbox-container cfb-layout-2 cfb-flip cfb-hover\" data-effect=\"y\" data-height=\"equal\" >\n                            <div class=\"flipbox-front-layout cfb-data\">\n                                <div class=\"flipbox-img\"><noscript><img decoding=\"async\" data-skip-lazy src=\"http:\/\/www.symmetricview.com\/home\/wp-content\/uploads\/2023\/01\/pinupvan-com.jpg\" alt=\"\" \/><\/noscript><img decoding=\"async\" src=\"data:image\/svg+xml;base64,PHN2ZyB3aWR0aD0iMjAwMCIgaGVpZ2h0PSIxNzA4IiB2aWV3Qm94PSIwIDAgMjAwMCAxNzA4IiBmaWxsPSJub25lIiB4bWxucz0iaHR0cDovL3d3dy53My5vcmcvMjAwMC9zdmciPjwvc3ZnPg==\" alt data-src=\"http:\/\/www.symmetricview.com\/home\/wp-content\/uploads\/2023\/01\/pinupvan-com.jpg\" data-sizes=\"auto\" loading=\"eager\" class=\"vp-lazyload\"><\/div><\/div>\n                            <div class=\"flipbox-back-layout cfb-data\" style=\"background:#000000\">\n                            <h4>Pin-UP Van - Food Truck<\/h4>\n                                <p>Somos PIN-UP VAN o Food Truck mais fixe e com maior sucesso de Portugal, premiados em exposi\u00e7\u00f5es, feiras e festivais e o melhor de tudo, os preferidos do p\u00fablico em cada lugar por onde passamos.<\/p><a target=\"_self\" href=\"https:\/\/pinupvan.com\" style=\"color:#000000\" class=\"back-layout-btn\">Visit website<\/a><\/div>\n                            <\/div>\n                        <\/div><div class=\"flex-col-md-6 cfb-box-8 cfb-box-wrapper\">\n                            <div class=\"flipbox-container cfb-layout-2 cfb-flip cfb-hover\" data-effect=\"y\" data-height=\"equal\" >\n                            <div class=\"flipbox-front-layout cfb-data\">\n                                <div class=\"flipbox-img\"><noscript><img decoding=\"async\" data-skip-lazy src=\"http:\/\/www.symmetricview.com\/home\/wp-content\/uploads\/2023\/01\/eliasperkis-com.jpg\" alt=\"\" \/><\/noscript><img decoding=\"async\" src=\"data:image\/svg+xml;base64,PHN2ZyB3aWR0aD0iMjAwMCIgaGVpZ2h0PSIxNzA2IiB2aWV3Qm94PSIwIDAgMjAwMCAxNzA2IiBmaWxsPSJub25lIiB4bWxucz0iaHR0cDovL3d3dy53My5vcmcvMjAwMC9zdmciPjwvc3ZnPg==\" alt data-src=\"http:\/\/www.symmetricview.com\/home\/wp-content\/uploads\/2023\/01\/eliasperkis-com.jpg\" data-sizes=\"auto\" loading=\"eager\" class=\"vp-lazyload\"><\/div><\/div>\n                            <div class=\"flipbox-back-layout cfb-data\" style=\"background:#000000\">\n                            <h4>RIDE SMARTER, NOT HARDER - Aulas Particulares e Assist\u00eancia Pessoal<\/h4>\n                                <p>Coaching \/ Aulas de Ciclismo \/ Habilidades Essenciais \/ Dicas \/ Assessoria \/ Conhecimento e Bem-estar. Aulas Particulares e Assist\u00eancia Pessoal para Novos Ciclistas com \u00eanfase no conhecimento, motiva\u00e7\u00e3o e desenvolvimento pessoal em prol do bem-estar f\u00edsico e mental.<\/p><a target=\"_self\" href=\"https:\/\/www.eliasperkis.com\/bike\/\" style=\"color:#000000\" class=\"back-layout-btn\">Visit website<\/a><\/div>\n                            <\/div>\n                        <\/div><\/div>\n<\/div>\n<\/div><\/div><\/div><\/div><\/div>","protected":false},"excerpt":{"rendered":"<p>Desde portf\u00f3lios pessoais at\u00e9 plataformas empresariais, ofere\u00e7o solu\u00e7\u00f5es web inovadoras e flex\u00edveis, projetadas para tornar a sua presen\u00e7a online marcante e sem esfor\u00e7o.<\/p>\n","protected":false},"author":1,"featured_media":1407,"parent":0,"menu_order":0,"comment_status":"closed","ping_status":"closed","template":"template-fullwidth.php","meta":{"_vp_format_video_url":"","_vp_image_focal_point":[],"footnotes":""},"class_list":["post-2027","page","type-page","status-publish","has-post-thumbnail","hentry"],"aioseo_notices":[],"_links":{"self":[{"href":"https:\/\/www.symmetricview.com\/home\/wp-json\/wp\/v2\/pages\/2027","targetHints":{"allow":["GET"]}}],"collection":[{"href":"https:\/\/www.symmetricview.com\/home\/wp-json\/wp\/v2\/pages"}],"about":[{"href":"https:\/\/www.symmetricview.com\/home\/wp-json\/wp\/v2\/types\/page"}],"author":[{"embeddable":true,"href":"https:\/\/www.symmetricview.com\/home\/wp-json\/wp\/v2\/users\/1"}],"replies":[{"embeddable":true,"href":"https:\/\/www.symmetricview.com\/home\/wp-json\/wp\/v2\/comments?post=2027"}],"version-history":[{"count":24,"href":"https:\/\/www.symmetricview.com\/home\/wp-json\/wp\/v2\/pages\/2027\/revisions"}],"predecessor-version":[{"id":2407,"href":"https:\/\/www.symmetricview.com\/home\/wp-json\/wp\/v2\/pages\/2027\/revisions\/2407"}],"wp:featuredmedia":[{"embeddable":true,"href":"https:\/\/www.symmetricview.com\/home\/wp-json\/wp\/v2\/media\/1407"}],"wp:attachment":[{"href":"https:\/\/www.symmetricview.com\/home\/wp-json\/wp\/v2\/media?parent=2027"}],"curies":[{"name":"wp","href":"https:\/\/api.w.org\/{rel}","templated":true}]}}